{"id":1299,"date":"2024-10-08T20:49:18","date_gmt":"2024-10-08T20:49:18","guid":{"rendered":"https:\/\/hendon.qodeinteractive.com\/?page_id=1299"},"modified":"2025-12-08T10:42:48","modified_gmt":"2025-12-08T10:42:48","slug":"amenities","status":"publish","type":"page","link":"https:\/\/rixosantalyaresidences.com\/tr\/amenities\/","title":{"rendered":"\u0130MKANLAR"},"content":{"rendered":"<div data-elementor-type=\"wp-page\" data-elementor-id=\"1299\" class=\"elementor elementor-1299\">\n\t\t\t\t\t\t<section class=\"elementor-section elementor-top-section elementor-element elementor-element-cbe12a3 elementor-section-full_width elementor-hidden-tablet elementor-hidden-mobile elementor-section-height-default elementor-section-height-default qodef-elementor-content-no\" data-id=\"cbe12a3\" data-element_type=\"section\" data-settings=\"{&quot;background_background&quot;:&quot;classic&quot;}\">\n\t\t\t\t\t\t<div class=\"elementor-container elementor-column-gap-no\">\n\t\t\t\t\t<div class=\"elementor-column elementor-col-100 elementor-top-column elementor-element elementor-element-1c44099\" data-id=\"1c44099\" data-element_type=\"column\">\n\t\t\t<div class=\"elementor-widget-wrap elementor-element-populated\">\n\t\t\t\t<div class=\"elementor-element elementor-element-851058a e-flex e-con-boxed qodef-elementor-content-no e-con e-parent\" data-id=\"851058a\" data-element_type=\"container\" data-settings=\"{&quot;background_background&quot;:&quot;classic&quot;}\">\n\t\t\t\t\t<div class=\"e-con-inner\">\n\t\t\t\t<div class=\"elementor-element elementor-element-a48e1c7 hfe-nav-menu__align-center elementor-hidden-tablet elementor-hidden-mobile hfe-submenu-icon-arrow hfe-submenu-animation-none hfe-link-redirect-child hfe-nav-menu__breakpoint-tablet elementor-widget elementor-widget-navigation-menu\" data-id=\"a48e1c7\" data-element_type=\"widget\" data-settings=\"{&quot;padding_horizontal_menu_item&quot;:{&quot;unit&quot;:&quot;px&quot;,&quot;size&quot;:30,&quot;sizes&quot;:[]},&quot;padding_horizontal_menu_item_tablet&quot;:{&quot;unit&quot;:&quot;px&quot;,&quot;size&quot;:&quot;&quot;,&quot;sizes&quot;:[]},&quot;padding_horizontal_menu_item_mobile&quot;:{&quot;unit&quot;:&quot;px&quot;,&quot;size&quot;:&quot;&quot;,&quot;sizes&quot;:[]},&quot;padding_vertical_menu_item&quot;:{&quot;unit&quot;:&quot;px&quot;,&quot;size&quot;:15,&quot;sizes&quot;:[]},&quot;padding_vertical_menu_item_tablet&quot;:{&quot;unit&quot;:&quot;px&quot;,&quot;size&quot;:&quot;&quot;,&quot;sizes&quot;:[]},&quot;padding_vertical_menu_item_mobile&quot;:{&quot;unit&quot;:&quot;px&quot;,&quot;size&quot;:&quot;&quot;,&quot;sizes&quot;:[]},&quot;menu_space_between&quot;:{&quot;unit&quot;:&quot;px&quot;,&quot;size&quot;:&quot;&quot;,&quot;sizes&quot;:[]},&quot;menu_space_between_tablet&quot;:{&quot;unit&quot;:&quot;px&quot;,&quot;size&quot;:&quot;&quot;,&quot;sizes&quot;:[]},&quot;menu_space_between_mobile&quot;:{&quot;unit&quot;:&quot;px&quot;,&quot;size&quot;:&quot;&quot;,&quot;sizes&quot;:[]},&quot;menu_row_space&quot;:{&quot;unit&quot;:&quot;px&quot;,&quot;size&quot;:&quot;&quot;,&quot;sizes&quot;:[]},&quot;menu_row_space_tablet&quot;:{&quot;unit&quot;:&quot;px&quot;,&quot;size&quot;:&quot;&quot;,&quot;sizes&quot;:[]},&quot;menu_row_space_mobile&quot;:{&quot;unit&quot;:&quot;px&quot;,&quot;size&quot;:&quot;&quot;,&quot;sizes&quot;:[]},&quot;dropdown_border_radius&quot;:{&quot;unit&quot;:&quot;px&quot;,&quot;top&quot;:&quot;&quot;,&quot;right&quot;:&quot;&quot;,&quot;bottom&quot;:&quot;&quot;,&quot;left&quot;:&quot;&quot;,&quot;isLinked&quot;:true},&quot;dropdown_border_radius_tablet&quot;:{&quot;unit&quot;:&quot;px&quot;,&quot;top&quot;:&quot;&quot;,&quot;right&quot;:&quot;&quot;,&quot;bottom&quot;:&quot;&quot;,&quot;left&quot;:&quot;&quot;,&quot;isLinked&quot;:true},&quot;dropdown_border_radius_mobile&quot;:{&quot;unit&quot;:&quot;px&quot;,&quot;top&quot;:&quot;&quot;,&quot;right&quot;:&quot;&quot;,&quot;bottom&quot;:&quot;&quot;,&quot;left&quot;:&quot;&quot;,&quot;isLinked&quot;:true},&quot;width_dropdown_item&quot;:{&quot;unit&quot;:&quot;px&quot;,&quot;size&quot;:&quot;220&quot;,&quot;sizes&quot;:[]},&quot;width_dropdown_item_tablet&quot;:{&quot;unit&quot;:&quot;px&quot;,&quot;size&quot;:&quot;&quot;,&quot;sizes&quot;:[]},&quot;width_dropdown_item_mobile&quot;:{&quot;unit&quot;:&quot;px&quot;,&quot;size&quot;:&quot;&quot;,&quot;sizes&quot;:[]},&quot;padding_horizontal_dropdown_item&quot;:{&quot;unit&quot;:&quot;px&quot;,&quot;size&quot;:&quot;&quot;,&quot;sizes&quot;:[]},&quot;padding_horizontal_dropdown_item_tablet&quot;:{&quot;unit&quot;:&quot;px&quot;,&quot;size&quot;:&quot;&quot;,&quot;sizes&quot;:[]},&quot;padding_horizontal_dropdown_item_mobile&quot;:{&quot;unit&quot;:&quot;px&quot;,&quot;size&quot;:&quot;&quot;,&quot;sizes&quot;:[]},&quot;padding_vertical_dropdown_item&quot;:{&quot;unit&quot;:&quot;px&quot;,&quot;size&quot;:15,&quot;sizes&quot;:[]},&quot;padding_vertical_dropdown_item_tablet&quot;:{&quot;unit&quot;:&quot;px&quot;,&quot;size&quot;:&quot;&quot;,&quot;sizes&quot;:[]},&quot;padding_vertical_dropdown_item_mobile&quot;:{&quot;unit&quot;:&quot;px&quot;,&quot;size&quot;:&quot;&quot;,&quot;sizes&quot;:[]},&quot;distance_from_menu&quot;:{&quot;unit&quot;:&quot;px&quot;,&quot;size&quot;:&quot;&quot;,&quot;sizes&quot;:[]},&quot;distance_from_menu_tablet&quot;:{&quot;unit&quot;:&quot;px&quot;,&quot;size&quot;:&quot;&quot;,&quot;sizes&quot;:[]},&quot;distance_from_menu_mobile&quot;:{&quot;unit&quot;:&quot;px&quot;,&quot;size&quot;:&quot;&quot;,&quot;sizes&quot;:[]},&quot;toggle_size&quot;:{&quot;unit&quot;:&quot;px&quot;,&quot;size&quot;:&quot;&quot;,&quot;sizes&quot;:[]},&quot;toggle_size_tablet&quot;:{&quot;unit&quot;:&quot;px&quot;,&quot;size&quot;:&quot;&quot;,&quot;sizes&quot;:[]},&quot;toggle_size_mobile&quot;:{&quot;unit&quot;:&quot;px&quot;,&quot;size&quot;:&quot;&quot;,&quot;sizes&quot;:[]},&quot;toggle_border_width&quot;:{&quot;unit&quot;:&quot;px&quot;,&quot;size&quot;:&quot;&quot;,&quot;sizes&quot;:[]},&quot;toggle_border_width_tablet&quot;:{&quot;unit&quot;:&quot;px&quot;,&quot;size&quot;:&quot;&quot;,&quot;sizes&quot;:[]},&quot;toggle_border_width_mobile&quot;:{&quot;unit&quot;:&quot;px&quot;,&quot;size&quot;:&quot;&quot;,&quot;sizes&quot;:[]},&quot;toggle_border_radius&quot;:{&quot;unit&quot;:&quot;px&quot;,&quot;size&quot;:&quot;&quot;,&quot;sizes&quot;:[]},&quot;toggle_border_radius_tablet&quot;:{&quot;unit&quot;:&quot;px&quot;,&quot;size&quot;:&quot;&quot;,&quot;sizes&quot;:[]},&quot;toggle_border_radius_mobile&quot;:{&quot;unit&quot;:&quot;px&quot;,&quot;size&quot;:&quot;&quot;,&quot;sizes&quot;:[]}}\" data-widget_type=\"navigation-menu.default\">\n\t\t\t\t<div class=\"elementor-widget-container\">\n\t\t\t\t\t\t\t\t<div class=\"hfe-nav-menu hfe-layout-horizontal hfe-nav-menu-layout horizontal hfe-pointer__text hfe-animation__grow\" data-layout=\"horizontal\">\n\t\t\t\t<div role=\"button\" class=\"hfe-nav-menu__toggle elementor-clickable\" tabindex=\"0\" aria-label=\"Menu Toggle\">\n\t\t\t\t\t<span class=\"screen-reader-text\">Menu<\/span>\n\t\t\t\t\t<div class=\"hfe-nav-menu-icon\">\n\t\t\t\t\t\t<svg aria-hidden=\"true\"  class=\"e-font-icon-svg e-fas-align-justify\" viewbox=\"0 0 448 512\" xmlns=\"http:\/\/www.w3.org\/2000\/svg\"><path d=\"M432 416H16a16 16 0 0 0-16 16v32a16 16 0 0 0 16 16h416a16 16 0 0 0 16-16v-32a16 16 0 0 0-16-16zm0-128H16a16 16 0 0 0-16 16v32a16 16 0 0 0 16 16h416a16 16 0 0 0 16-16v-32a16 16 0 0 0-16-16zm0-128H16a16 16 0 0 0-16 16v32a16 16 0 0 0 16 16h416a16 16 0 0 0 16-16v-32a16 16 0 0 0-16-16zm0-128H16A16 16 0 0 0 0 48v32a16 16 0 0 0 16 16h416a16 16 0 0 0 16-16V48a16 16 0 0 0-16-16z\"><\/path><\/svg>\t\t\t\t\t<\/div>\n\t\t\t\t<\/div>\n\t\t\t\t<nav class=\"hfe-nav-menu__layout-horizontal hfe-nav-menu__submenu-arrow\" data-toggle-icon=\"&lt;svg aria-hidden=&quot;true&quot; tabindex=&quot;0&quot; class=&quot;e-font-icon-svg e-fas-align-justify&quot; viewBox=&quot;0 0 448 512&quot; xmlns=&quot;http:\/\/www.w3.org\/2000\/svg&quot;&gt;&lt;path d=&quot;M432 416H16a16 16 0 0 0-16 16v32a16 16 0 0 0 16 16h416a16 16 0 0 0 16-16v-32a16 16 0 0 0-16-16zm0-128H16a16 16 0 0 0-16 16v32a16 16 0 0 0 16 16h416a16 16 0 0 0 16-16v-32a16 16 0 0 0-16-16zm0-128H16a16 16 0 0 0-16 16v32a16 16 0 0 0 16 16h416a16 16 0 0 0 16-16v-32a16 16 0 0 0-16-16zm0-128H16A16 16 0 0 0 0 48v32a16 16 0 0 0 16 16h416a16 16 0 0 0 16-16V48a16 16 0 0 0-16-16z&quot;&gt;&lt;\/path&gt;&lt;\/svg&gt;\" data-close-icon=\"&lt;svg aria-hidden=&quot;true&quot; tabindex=&quot;0&quot; class=&quot;e-font-icon-svg e-far-window-close&quot; viewBox=&quot;0 0 512 512&quot; xmlns=&quot;http:\/\/www.w3.org\/2000\/svg&quot;&gt;&lt;path d=&quot;M464 32H48C21.5 32 0 53.5 0 80v352c0 26.5 21.5 48 48 48h416c26.5 0 48-21.5 48-48V80c0-26.5-21.5-48-48-48zm0 394c0 3.3-2.7 6-6 6H54c-3.3 0-6-2.7-6-6V86c0-3.3 2.7-6 6-6h404c3.3 0 6 2.7 6 6v340zM356.5 194.6L295.1 256l61.4 61.4c4.6 4.6 4.6 12.1 0 16.8l-22.3 22.3c-4.6 4.6-12.1 4.6-16.8 0L256 295.1l-61.4 61.4c-4.6 4.6-12.1 4.6-16.8 0l-22.3-22.3c-4.6-4.6-4.6-12.1 0-16.8l61.4-61.4-61.4-61.4c-4.6-4.6-4.6-12.1 0-16.8l22.3-22.3c4.6-4.6 12.1-4.6 16.8 0l61.4 61.4 61.4-61.4c4.6-4.6 12.1-4.6 16.8 0l22.3 22.3c4.7 4.6 4.7 12.1 0 16.8z&quot;&gt;&lt;\/path&gt;&lt;\/svg&gt;\" data-full-width=\"yes\">\n\t\t\t\t\t<ul id=\"menu-1-a48e1c7\" class=\"hfe-nav-menu\"><li id=\"menu-item-3050\" class=\"menu-item menu-item-type-post_type menu-item-object-page parent hfe-creative-menu\"><a href=\"https:\/\/rixosantalyaresidences.com\/tr\/about-us\/\" class = \"hfe-menu-item\">HAKKINDA<\/a><\/li>\n<li id=\"menu-item-3721\" class=\"menu-item menu-item-type-post_type menu-item-object-page parent hfe-creative-menu\"><a href=\"https:\/\/rixosantalyaresidences.com\/tr\/floor-plan-2\/\" class = \"hfe-menu-item\">KAT PLANLARI<\/a><\/li>\n<li id=\"menu-item-3045\" class=\"menu-item menu-item-type-post_type menu-item-object-page parent hfe-creative-menu\"><a href=\"https:\/\/rixosantalyaresidences.com\/tr\/services\/\" class = \"hfe-menu-item\">SERV\u0130SLER<\/a><\/li>\n<li id=\"menu-item-3046\" class=\"menu-item menu-item-type-post_type menu-item-object-page parent hfe-creative-menu\"><a href=\"https:\/\/rixosantalyaresidences.com\/tr\/amenities\/\" class = \"hfe-menu-item\">\u0130MKANLAR<\/a><\/li>\n<li id=\"menu-item-3047\" class=\"menu-item menu-item-type-post_type menu-item-object-page parent hfe-creative-menu\"><a href=\"https:\/\/rixosantalyaresidences.com\/tr\/location\/\" class = \"hfe-menu-item\">LOKASYON<\/a><\/li>\n<li id=\"menu-item-3048\" class=\"menu-item menu-item-type-post_type menu-item-object-page parent hfe-creative-menu\"><a href=\"https:\/\/rixosantalyaresidences.com\/tr\/contact-us\/\" class = \"hfe-menu-item\">B\u0130Z\u0130MLE \u0130LET\u0130\u015e\u0130ME GE\u00c7\u0130N<\/a><\/li>\n<li id=\"menu-item-4069\" class=\"menu-item menu-item-type-custom menu-item-object-custom menu-item-has-children parent qodef-menu-item--narrow hfe-has-submenu hfe-creative-menu\"><div class=\"hfe-has-submenu-container\" tabindex=\"0\" role=\"button\" aria-haspopup=\"true\" aria-expanded=\"false\"><a href=\"https:\/\/www.rixos.com\/\" class = \"hfe-menu-item\">Rixos.com<span class='hfe-menu-toggle sub-arrow hfe-menu-child-0'><i class='fa'><\/i><\/span><\/a><\/div>\n<ul class=\"sub-menu\">\n\t<li id=\"menu-item-4068\" class=\"menu-item menu-item-type-custom menu-item-object-custom hfe-creative-menu\"><a href=\"https:\/\/www.thelandoflegends.com\/konaklama\/nickelodeon-hotels-resorts-antalya\" class = \"hfe-sub-menu-item\">Nickelodeon Hotels &#038; Resorts Antalya<\/a><\/li>\n<\/ul>\n<\/li>\n<li id=\"menu-item-3989\" class=\"trp-language-switcher-container menu-item menu-item-type-post_type menu-item-object-language_switcher current-language-menu-item parent hfe-creative-menu\"><a href=\"https:\/\/rixosantalyaresidences.com\/tr\/wp-json\/wp\/v2\/pages\/1299\" class = \"hfe-menu-item\"><span data-no-translation><img decoding=\"async\" class=\"trp-flag-image\" src=\"https:\/\/rixosantalyaresidences.com\/wp-content\/plugins\/translatepress-multilingual\/assets\/images\/flags\/en_GB.png\" width=\"18\" height=\"12\" alt=\"en_GB\" title=\"English (UK)\"><\/span><\/a><\/li>\n<\/ul> \n\t\t\t\t<\/nav>\n\t\t\t<\/div>\n\t\t\t\t\t\t\t<\/div>\n\t\t\t\t<\/div>\n\t\t\t\t<div class=\"elementor-element elementor-element-6f66089 elementor-widget elementor-widget-spacer\" data-id=\"6f66089\" data-element_type=\"widget\" data-widget_type=\"spacer.default\">\n\t\t\t\t<div class=\"elementor-widget-container\">\n\t\t\t\t\t\t\t<div class=\"elementor-spacer\">\n\t\t\t<div class=\"elementor-spacer-inner\"><\/div>\n\t\t<\/div>\n\t\t\t\t\t\t<\/div>\n\t\t\t\t<\/div>\n\t\t\t\t\t<\/div>\n\t\t\t\t<\/div>\n\t\t\t\t\t<\/div>\n\t\t<\/div>\n\t\t\t\t\t<\/div>\n\t\t<\/section>\n\t\t\t\t<section class=\"elementor-section elementor-top-section elementor-element elementor-element-6fe37f3 elementor-section-full_width qodef-elementor-content-grid elementor-section-height-default elementor-section-height-default\" data-id=\"6fe37f3\" data-element_type=\"section\" data-settings=\"{&quot;background_background&quot;:&quot;classic&quot;}\">\n\t\t\t\t\t\t<div class=\"elementor-container elementor-column-gap-no\">\n\t\t\t\t\t<div class=\"elementor-column elementor-col-50 elementor-top-column elementor-element elementor-element-1510356\" data-id=\"1510356\" data-element_type=\"column\">\n\t\t\t<div class=\"elementor-widget-wrap elementor-element-populated\">\n\t\t\t\t\t\t<div class=\"elementor-element elementor-element-3d46858 elementor-widget__width-inherit elementor-widget elementor-widget-qi_addons_for_elementor_image_gallery_pinterest\" data-id=\"3d46858\" data-element_type=\"widget\" data-widget_type=\"qi_addons_for_elementor_image_gallery_pinterest.default\">\n\t\t\t\t<div class=\"elementor-widget-container\">\n\t\t\t\t\t<div class=\"qodef-shortcode qodef-m qodef-qi-image-gallery-pinterest qodef-image--hover-zoom qodef-qi-grid qodef-layout--qi-masonry qodef-col-num--3 qodef-responsive--predefined\">\n\t<div class=\"qodef-grid-inner\">\n\t\t\t<div class=\"qodef-qi-grid-masonry-sizer\"><\/div>\n<div class=\"qodef-e qodef-image-wrapper qodef-grid-item\">\n\t<div class=\"qodef-e-inner\">\n\t\t\t\t\t<img fetchpriority=\"high\" decoding=\"async\" width=\"768\" height=\"1080\" src=\"https:\/\/rixosantalyaresidences.com\/wp-content\/uploads\/2024\/10\/AMENITIES4.png\" class=\"attachment-full size-full\" alt=\"\" srcset=\"https:\/\/rixosantalyaresidences.com\/wp-content\/uploads\/2024\/10\/AMENITIES4.png 768w, https:\/\/rixosantalyaresidences.com\/wp-content\/uploads\/2024\/10\/AMENITIES4-213x300.png 213w, https:\/\/rixosantalyaresidences.com\/wp-content\/uploads\/2024\/10\/AMENITIES4-728x1024.png 728w\" sizes=\"(max-width: 768px) 100vw, 768px\" \/>\t\t\t<\/div>\n<\/div>\n<div class=\"qodef-e qodef-image-wrapper qodef-grid-item\">\n\t<div class=\"qodef-e-inner\">\n\t\t\t\t\t<img decoding=\"async\" width=\"1080\" height=\"1080\" src=\"https:\/\/rixosantalyaresidences.com\/wp-content\/uploads\/2024\/10\/AMENITIES2.png\" class=\"attachment-full size-full\" alt=\"\" srcset=\"https:\/\/rixosantalyaresidences.com\/wp-content\/uploads\/2024\/10\/AMENITIES2.png 1080w, https:\/\/rixosantalyaresidences.com\/wp-content\/uploads\/2024\/10\/AMENITIES2-300x300.png 300w, https:\/\/rixosantalyaresidences.com\/wp-content\/uploads\/2024\/10\/AMENITIES2-1024x1024.png 1024w, https:\/\/rixosantalyaresidences.com\/wp-content\/uploads\/2024\/10\/AMENITIES2-150x150.png 150w, https:\/\/rixosantalyaresidences.com\/wp-content\/uploads\/2024\/10\/AMENITIES2-768x768.png 768w, https:\/\/rixosantalyaresidences.com\/wp-content\/uploads\/2024\/10\/AMENITIES2-650x650.png 650w\" sizes=\"(max-width: 1080px) 100vw, 1080px\" \/>\t\t\t<\/div>\n<\/div>\n<div class=\"qodef-e qodef-image-wrapper qodef-grid-item\">\n\t<div class=\"qodef-e-inner\">\n\t\t\t\t\t<img loading=\"lazy\" decoding=\"async\" width=\"768\" height=\"1080\" src=\"https:\/\/rixosantalyaresidences.com\/wp-content\/uploads\/2024\/10\/AMENITIES5.png\" class=\"attachment-full size-full\" alt=\"\" srcset=\"https:\/\/rixosantalyaresidences.com\/wp-content\/uploads\/2024\/10\/AMENITIES5.png 768w, https:\/\/rixosantalyaresidences.com\/wp-content\/uploads\/2024\/10\/AMENITIES5-213x300.png 213w, https:\/\/rixosantalyaresidences.com\/wp-content\/uploads\/2024\/10\/AMENITIES5-728x1024.png 728w\" sizes=\"(max-width: 768px) 100vw, 768px\" \/>\t\t\t<\/div>\n<\/div>\n<div class=\"qodef-e qodef-image-wrapper qodef-grid-item\">\n\t<div class=\"qodef-e-inner\">\n\t\t\t\t\t<img loading=\"lazy\" decoding=\"async\" width=\"1080\" height=\"1080\" src=\"https:\/\/rixosantalyaresidences.com\/wp-content\/uploads\/2024\/10\/AMENITIES3.png\" class=\"attachment-full size-full\" alt=\"\" srcset=\"https:\/\/rixosantalyaresidences.com\/wp-content\/uploads\/2024\/10\/AMENITIES3.png 1080w, https:\/\/rixosantalyaresidences.com\/wp-content\/uploads\/2024\/10\/AMENITIES3-300x300.png 300w, https:\/\/rixosantalyaresidences.com\/wp-content\/uploads\/2024\/10\/AMENITIES3-1024x1024.png 1024w, https:\/\/rixosantalyaresidences.com\/wp-content\/uploads\/2024\/10\/AMENITIES3-150x150.png 150w, https:\/\/rixosantalyaresidences.com\/wp-content\/uploads\/2024\/10\/AMENITIES3-768x768.png 768w, https:\/\/rixosantalyaresidences.com\/wp-content\/uploads\/2024\/10\/AMENITIES3-650x650.png 650w\" sizes=\"(max-width: 1080px) 100vw, 1080px\" \/>\t\t\t<\/div>\n<\/div>\n<div class=\"qodef-e qodef-image-wrapper qodef-grid-item\">\n\t<div class=\"qodef-e-inner\">\n\t\t\t\t\t<img loading=\"lazy\" decoding=\"async\" width=\"768\" height=\"1080\" src=\"https:\/\/rixosantalyaresidences.com\/wp-content\/uploads\/2024\/10\/AMENITIES6.png\" class=\"attachment-full size-full\" alt=\"\" srcset=\"https:\/\/rixosantalyaresidences.com\/wp-content\/uploads\/2024\/10\/AMENITIES6.png 768w, https:\/\/rixosantalyaresidences.com\/wp-content\/uploads\/2024\/10\/AMENITIES6-213x300.png 213w, https:\/\/rixosantalyaresidences.com\/wp-content\/uploads\/2024\/10\/AMENITIES6-728x1024.png 728w\" sizes=\"(max-width: 768px) 100vw, 768px\" \/>\t\t\t<\/div>\n<\/div>\n<div class=\"qodef-e qodef-image-wrapper qodef-grid-item\">\n\t<div class=\"qodef-e-inner\">\n\t\t\t\t\t<img loading=\"lazy\" decoding=\"async\" width=\"768\" height=\"1080\" src=\"https:\/\/rixosantalyaresidences.com\/wp-content\/uploads\/2024\/10\/AMENITIES7.png\" class=\"attachment-full size-full\" alt=\"\" srcset=\"https:\/\/rixosantalyaresidences.com\/wp-content\/uploads\/2024\/10\/AMENITIES7.png 768w, https:\/\/rixosantalyaresidences.com\/wp-content\/uploads\/2024\/10\/AMENITIES7-213x300.png 213w, https:\/\/rixosantalyaresidences.com\/wp-content\/uploads\/2024\/10\/AMENITIES7-728x1024.png 728w\" sizes=\"(max-width: 768px) 100vw, 768px\" \/>\t\t\t<\/div>\n<\/div>\n<div class=\"qodef-e qodef-image-wrapper qodef-grid-item\">\n\t<div class=\"qodef-e-inner\">\n\t\t\t\t\t<img loading=\"lazy\" decoding=\"async\" width=\"1080\" height=\"1080\" src=\"https:\/\/rixosantalyaresidences.com\/wp-content\/uploads\/2024\/10\/AMENITIES.png\" class=\"attachment-full size-full\" alt=\"\" srcset=\"https:\/\/rixosantalyaresidences.com\/wp-content\/uploads\/2024\/10\/AMENITIES.png 1080w, https:\/\/rixosantalyaresidences.com\/wp-content\/uploads\/2024\/10\/AMENITIES-300x300.png 300w, https:\/\/rixosantalyaresidences.com\/wp-content\/uploads\/2024\/10\/AMENITIES-1024x1024.png 1024w, https:\/\/rixosantalyaresidences.com\/wp-content\/uploads\/2024\/10\/AMENITIES-150x150.png 150w, https:\/\/rixosantalyaresidences.com\/wp-content\/uploads\/2024\/10\/AMENITIES-768x768.png 768w, https:\/\/rixosantalyaresidences.com\/wp-content\/uploads\/2024\/10\/AMENITIES-650x650.png 650w\" sizes=\"(max-width: 1080px) 100vw, 1080px\" \/>\t\t\t<\/div>\n<\/div>\n\t<\/div>\n<\/div>\n\t\t\t\t<\/div>\n\t\t\t\t<\/div>\n\t\t\t\t\t<\/div>\n\t\t<\/div>\n\t\t\t\t<div class=\"elementor-column elementor-col-50 elementor-top-column elementor-element elementor-element-030cba0\" data-id=\"030cba0\" data-element_type=\"column\">\n\t\t\t<div class=\"elementor-widget-wrap elementor-element-populated\">\n\t\t\t\t\t\t<div class=\"elementor-element elementor-element-7b2154d elementor-widget elementor-widget-hendon_core_section_title\" data-id=\"7b2154d\" data-element_type=\"widget\" data-widget_type=\"hendon_core_section_title.default\">\n\t\t\t\t<div class=\"elementor-widget-container\">\n\t\t\t\t\t<div class=\"qodef-shortcode qodef-m qodef-section-title qodef-alignment--left\">\n\t\t<h3 class=\"qodef-m-title\" >\n\t\t\t\t\t\u0130MKANLAR \t\t\t<\/h3>\n\t\t<p class=\"qodef-m-text\" style=\"margin-top: 29px\">RIXOS RESIDENCE ANTALYA<\/p>\n<\/div>\t\t\t\t<\/div>\n\t\t\t\t<\/div>\n\t\t\t\t<section class=\"elementor-section elementor-inner-section elementor-element elementor-element-8f1827e elementor-section-full_width elementor-section-height-default elementor-section-height-default qodef-elementor-content-no\" data-id=\"8f1827e\" data-element_type=\"section\">\n\t\t\t\t\t\t<div class=\"elementor-container elementor-column-gap-no\">\n\t\t\t\t\t<div class=\"elementor-column elementor-col-100 elementor-inner-column elementor-element elementor-element-7ea8171\" data-id=\"7ea8171\" data-element_type=\"column\">\n\t\t\t<div class=\"elementor-widget-wrap elementor-element-populated\">\n\t\t\t\t\t\t<div class=\"elementor-element elementor-element-91eaeec elementor-widget elementor-widget-text-editor\" data-id=\"91eaeec\" data-element_type=\"widget\" data-widget_type=\"text-editor.default\">\n\t\t\t\t<div class=\"elementor-widget-container\">\n\t\t\t\t\t\t\t\t\t<div><p>\u29bfRezidans Lobisi<\/p><p>\u29bfSPA (Erkekler &amp; Kad\u0131nlar i\u00e7in)<\/p><p>\u29bfSPA (Sadece Kad\u0131nlar i\u00e7in)<\/p><p>\u29bfGYM \/ Fitness Merkezi<\/p><p>\u29bfPilates St\u00fcdyosu<\/p><p>\u29bfVitamin Bar<\/p><p>\u29bfIs\u0131tmal\u0131 A\u00e7\u0131k Havuz<\/p><p>\u29bfHavuz Bar<\/p><p>\u29bfKapal\u0131 Otopark Alan\u0131<\/p><\/div>\t\t\t\t\t\t\t\t<\/div>\n\t\t\t\t<\/div>\n\t\t\t\t\t<\/div>\n\t\t<\/div>\n\t\t\t\t\t<\/div>\n\t\t<\/section>\n\t\t\t\t\t<\/div>\n\t\t<\/div>\n\t\t\t\t\t<\/div>\n\t\t<\/section>\n\t\t\t\t<section class=\"elementor-section elementor-top-section elementor-element elementor-element-cbd8ed9 elementor-section-full_width qodef-elementor-content-grid elementor-section-height-default elementor-section-height-default\" data-id=\"cbd8ed9\" data-element_type=\"section\" data-settings=\"{&quot;background_background&quot;:&quot;classic&quot;}\">\n\t\t\t\t\t\t<div class=\"elementor-container elementor-column-gap-no\">\n\t\t\t\t\t<div class=\"elementor-column elementor-col-100 elementor-top-column elementor-element elementor-element-8ef8bbc\" data-id=\"8ef8bbc\" data-element_type=\"column\">\n\t\t\t<div class=\"elementor-widget-wrap elementor-element-populated\">\n\t\t\t\t\t\t<div class=\"elementor-element elementor-element-26af96c elementor-widget elementor-widget-hendon_core_section_title\" data-id=\"26af96c\" data-element_type=\"widget\" data-widget_type=\"hendon_core_section_title.default\">\n\t\t\t\t<div class=\"elementor-widget-container\">\n\t\t\t\t\t<div class=\"qodef-shortcode qodef-m qodef-section-title qodef-alignment--center\">\n\t\t<h2 class=\"qodef-m-title\" style=\"color: #FFFFFF\">\n\t\t\t\t\tB\u0130Z\u0130MLE \u0130LET\u0130\u015e\u0130ME GE\u00c7\u0130N\t\t\t<\/h2>\n\t\t<p class=\"qodef-m-text\" style=\"color: #FFFFFF\">RIXOS RESIDENCE ANTALYA<\/p>\n<\/div>\t\t\t\t<\/div>\n\t\t\t\t<\/div>\n\t\t\t\t<div class=\"elementor-element elementor-element-2128171 elementor-widget elementor-widget-text-editor\" data-id=\"2128171\" data-element_type=\"widget\" data-widget_type=\"text-editor.default\">\n\t\t\t\t<div class=\"elementor-widget-container\">\n\t\t\t\t\t\t\t\t\t<h2 style=\"text-align: center;\"><span style=\"font-weight: 400; color: #ffffff;\">0559 371 76 64<\/span><\/h2>\n<h5 style=\"text-align: center;\"><span style=\"font-weight: 400; color: #ffffff;\">G\u00fczeloba Mahallesi, 2102.Sokak Lara\/Antalya<\/span><\/h5>\n<p style=\"text-align: center;\"><span style=\"font-weight: 400; color: #ffffff;\">info@rixosantalyaresidences.com&nbsp;<\/span><\/p>\n<p style=\"text-align: center;\"><span style=\"font-weight: 400;\"><span style=\"color: #ffffff;\">sales@rixosantalyaresidences.com<\/span> <\/span><\/p>\t\t\t\t\t\t\t\t<\/div>\n\t\t\t\t<\/div>\n\t\t\t\t<div class=\"elementor-element elementor-element-b92bcb7 elementor-widget__width-auto elementor-widget elementor-widget-hendon_core_button\" data-id=\"b92bcb7\" data-element_type=\"widget\" data-widget_type=\"hendon_core_button.default\">\n\t\t\t\t<div class=\"elementor-widget-container\">\n\t\t\t\t\t<a class=\"qodef-shortcode qodef-m qodef-button qodef-layout--filled qodef-html--link\" href=\"tel:4447407\" target=\"_self\" data-hover-color=\"#C28562\" data-border-color=\"rgba(194, 133, 98, 0.5)\" data-hover-background-color=\"#FFFFFF\" data-hover-border-color=\"#C28562\" style=\"color: #C28562;background-color: #FFFFFF;border-color: rgba(194, 133, 98, 0.5)\">\n\t<span class=\"qodef-m-text\">\u0130leti\u015fim<\/span>\n<\/a>\t\t\t\t<\/div>\n\t\t\t\t<\/div>\n\t\t\t\t\t<\/div>\n\t\t<\/div>\n\t\t\t\t\t<\/div>\n\t\t<\/section>\n\t\t\t\t<\/div>","protected":false},"excerpt":{"rendered":"<p>Menu ABOUT US FLOOR PLAN SERVICES AMENITIES LOCATION CONTACT US Rixos.com Nickelodeon Hotels &#038; Resorts Antalya AMENITIES RIXOS RESIDENCE ANTALYA \u29bfResidence Lobby \u29bfSPA (For Man &amp; For Women) \u29bfSPA (Only for Women) \u29bfGYM \/ Fitness Center \u29bfPilates Studio \u29bfVitamin Bar \u29bfHeated Outdoor Pool \u29bfPool Bar \u29bfClosed Parking AreaC CONTACT US RIXOS RESIDENCE ANTALYA 0559 371 [&hellip;]<\/p>","protected":false},"author":1,"featured_media":0,"parent":0,"menu_order":0,"comment_status":"closed","ping_status":"closed","template":"page-full-width.php","meta":{"footnotes":""},"class_list":["post-1299","page","type-page","status-publish","hentry"],"_hostinger_reach_plugin_has_subscription_block":false,"_hostinger_reach_plugin_is_elementor":false,"_links":{"self":[{"href":"https:\/\/rixosantalyaresidences.com\/tr\/wp-json\/wp\/v2\/pages\/1299","targetHints":{"allow":["GET"]}}],"collection":[{"href":"https:\/\/rixosantalyaresidences.com\/tr\/wp-json\/wp\/v2\/pages"}],"about":[{"href":"https:\/\/rixosantalyaresidences.com\/tr\/wp-json\/wp\/v2\/types\/page"}],"author":[{"embeddable":true,"href":"https:\/\/rixosantalyaresidences.com\/tr\/wp-json\/wp\/v2\/users\/1"}],"replies":[{"embeddable":true,"href":"https:\/\/rixosantalyaresidences.com\/tr\/wp-json\/wp\/v2\/comments?post=1299"}],"version-history":[{"count":46,"href":"https:\/\/rixosantalyaresidences.com\/tr\/wp-json\/wp\/v2\/pages\/1299\/revisions"}],"predecessor-version":[{"id":4174,"href":"https:\/\/rixosantalyaresidences.com\/tr\/wp-json\/wp\/v2\/pages\/1299\/revisions\/4174"}],"wp:attachment":[{"href":"https:\/\/rixosantalyaresidences.com\/tr\/wp-json\/wp\/v2\/media?parent=1299"}],"curies":[{"name":"wp","href":"https:\/\/api.w.org\/{rel}","templated":true}]}}